{"id":459,"date":"2024-11-19T13:55:37","date_gmt":"2024-11-19T11:55:37","guid":{"rendered":"https:\/\/www.kauhavanpainimiehet.fi\/?page_id=459"},"modified":"2026-01-03T19:47:36","modified_gmt":"2026-01-03T17:47:36","slug":"maksut","status":"publish","type":"page","link":"https:\/\/www.kauhavanpainimiehet.fi\/?page_id=459","title":{"rendered":"Yhteystiedot ja ohjeistukset"},"content":{"rendered":"\t\t<div data-elementor-type=\"wp-page\" data-elementor-id=\"459\" class=\"elementor elementor-459\">\n\t\t\t\t<div class=\"elementor-element elementor-element-339d170 e-flex e-con-boxed e-con e-parent\" data-id=\"339d170\" data-element_type=\"container\" data-e-type=\"container\" data-settings=\"{&quot;background_background&quot;:&quot;classic&quot;}\">\n\t\t\t\t\t<div class=\"e-con-inner\">\n\t\t\t\t<div class=\"elementor-element elementor-element-8b2c6e4 elementor-widget elementor-widget-html\" data-id=\"8b2c6e4\" data-element_type=\"widget\" data-e-type=\"widget\" data-widget_type=\"html.default\">\n\t\t\t\t<div class=\"elementor-widget-container\">\n\t\t\t\t\t<style>\r\n    .korttikontti {\r\n        display: flex;\r\n        justify-content: space-between;\r\n        gap: 20px;\r\n        flex-wrap: wrap;\r\n        max-width: 1100px;\r\n        margin: 20px auto;\r\n    }\r\n\r\n    .pistekortti {\r\n        flex: 1 1 300px;\r\n       background: rgba(255, 255, 255, 0.1);\r\n        padding: 20px;\r\n        border-radius: 10px;\r\n        box-shadow: 0px 4px 8px rgba(0, 0, 0, 0.1);\r\n        text-align: center;\r\n        font-family: Arial, sans-serif;\r\n        box-sizing: border-box;\r\n        min-width: 350px;\r\n        max-width: 500;\r\n    }\r\n    \r\n\r\n    .pistekortti h2 {\r\n        color: #fff;\r\n        margin-bottom: 15px;\r\n    }\r\n\r\n    .pistekortti ul {\r\n        list-style: none;\r\n        padding: 0;\r\n        text-align: left;\r\n    }\r\n\r\n    .pistekortti ul li {\r\n        background: white;\r\n        margin: 10px 0;\r\n        padding: 12px;\r\n        border-radius: 8px;\r\n        box-shadow: 0px 2px 4px rgba(0, 0, 0, 0.1);\r\n        font-size: 16px;\r\n        display: block;\r\n    }\r\n\r\n    \/* Mobiililaitteet *\/\r\n    @media (max-width: 600px) {\r\n        .korttikontti {\r\n            flex-direction: column;\r\n            align-items: center;\r\n        }\r\n    }\r\n<\/style>\r\n\r\n<div class=\"korttikontti\">\r\n    <div class=\"pistekortti\">\r\n        <h2>Valmentajat ja ohjaajat<\/h2>\r\n        <ul>\r\n            <li>Jussi Saarikoski (Puheenjohtaja)<\/li>\r\n            <li>Hanne Saarikoski<\/li>\r\n             <li>Petri Nisula<\/li>\r\n            <li>Jussi-Pekka Luoma<\/li>\r\n            <li>Tuomo Autio<\/li>\r\n            <li>Tenyo Tenev<\/li>\r\n        <\/ul>\r\n    <\/div>\r\n\r\n   \r\n\r\n    <div class=\"pistekortti\">\r\n        <h2>Yhteystiedot<\/h2>\r\n        <ul>\r\n            \r\n            <li><b>Osoite:<\/b> <br>Vanha keskustan koulu <br>\r\nLentokent\u00e4ntie 19 <br>\r\n62200 Kauhava\r\n<\/li>\r\n            <li><b>S\u00e4hk\u00f6posti:<\/b><br>info@kauhavanpainimiehet.fi<\/li>\r\n            \r\n        <\/ul>\r\n    <\/div>\r\n<\/div>\t\t\t\t<\/div>\n\t\t\t\t<\/div>\n\t\t\t\t\t<\/div>\n\t\t\t\t<\/div>\n\t\t<div class=\"elementor-element elementor-element-37eefe3 e-flex e-con-boxed e-con e-parent\" data-id=\"37eefe3\" data-element_type=\"container\" data-e-type=\"container\">\n\t\t\t\t\t<div class=\"e-con-inner\">\n\t\t<div class=\"elementor-element elementor-element-cf35d6f e-con-full e-flex e-con e-child\" data-id=\"cf35d6f\" data-element_type=\"container\" data-e-type=\"container\">\n\t\t<div class=\"elementor-element elementor-element-017576a e-con-full e-flex e-con e-child\" data-id=\"017576a\" data-element_type=\"container\" data-e-type=\"container\">\n\t\t<div class=\"elementor-element elementor-element-79df39c e-con-full e-flex e-con e-child\" data-id=\"79df39c\" data-element_type=\"container\" data-e-type=\"container\">\n\t\t\t\t<div class=\"elementor-element elementor-element-d8d925d elementor-widget elementor-widget-text-editor\" data-id=\"d8d925d\" data-element_type=\"widget\" data-e-type=\"widget\" data-widget_type=\"text-editor.default\">\n\t\t\t\t<div class=\"elementor-widget-container\">\n\t\t\t\t\t\t\t\t\t<p data-start=\"292\" data-end=\"487\">\n<\/p><hr data-start=\"489\" data-end=\"492\">\n<h2 data-start=\"494\" data-end=\"508\">Kausimaksut<\/h2>\n<p data-start=\"510\" data-end=\"627\">Kauhavan Painimiesten kausimaksu kattaa harjoitukset joko kev\u00e4t- tai syyskaudella. Maksu suoritetaan kerran kaudessa.<\/p>\n<ul>\n<li>Nallepaini, nassikkapaini, painikoulu, v\u00e4liryhm\u00e4 ja kuntopaini <strong>80 \u20ac \/ kausi<\/strong><\/li>\n<li>Kilparyhm\u00e4 <strong>95 \u20ac \/ kausi<\/strong><\/li>\n<\/ul>\n<p data-start=\"664\" data-end=\"797\"><strong data-start=\"664\" data-end=\"680\">Maksutiedot:<\/strong><br data-start=\"680\" data-end=\"683\">Tilinumero: <strong data-start=\"695\" data-end=\"721\">FI90 4744 1020 0329 84<\/strong><br data-start=\"721\" data-end=\"724\">Saaja: <strong data-start=\"731\" data-end=\"758\">Kauhavan Painimiehet ry<\/strong><br data-start=\"758\" data-end=\"761\">Viestiin: <strong data-start=\"771\" data-end=\"797\">Painijan nimi ja ryhm\u00e4<\/strong><\/p>\n<hr data-start=\"799\" data-end=\"802\">\n<h2 data-start=\"804\" data-end=\"825\">Harjoitusvarusteet<\/h2>\n<p data-start=\"827\" data-end=\"904\">Harjoituksiin mukaan:<br data-start=\"848\" data-end=\"851\">\ud83d\udc55 t-paita<br data-start=\"861\" data-end=\"864\">\ud83d\udc56 verkkarit tai shortsit ja tossut \/ pehme\u00e4pohjaiset keng\u00e4t<br data-start=\"889\" data-end=\"892\">\ud83d\udca7 vesipullo<\/p>\n<hr data-start=\"906\" data-end=\"909\">\n<h2 data-start=\"911\" data-end=\"930\">Ilmoittautuminen<\/h2>\n<p data-start=\"932\" data-end=\"1118\">Ilmoittautumiset s\u00e4hk\u00f6postilla osoitteeseen <strong data-start=\"976\" data-end=\"1007\"><a class=\"cursor-pointer\" rel=\"noopener\" data-start=\"978\" data-end=\"1005\">info@kauhavanpainimiehet.fi<\/a><\/strong><br data-start=\"1007\" data-end=\"1010\">Ilmoittautumisen yhteydess\u00e4 ilmoitathan:<br data-start=\"1050\" data-end=\"1053\">\u2013 lapsen nimi<br>\u2013 lapsen syntym\u00e4vuosi<br>\u2013 aikuisen nimi<br>\u2013 puhelinnumero<br>\u2013 lupa WA -ryhm\u00e4\u00e4n lis\u00e4\u00e4misest\u00e4<br>\u2013 ryhm\u00e4, johon ilmoittaudutaan<\/p>\n<h2 data-start=\"479\" data-end=\"502\">Kev\u00e4tkauden 2026 aikataulu<\/h2>\n<p data-start=\"504\" data-end=\"662\">\ud83d\udcc5 <strong data-start=\"507\" data-end=\"561\">Kev\u00e4tkausi alkaa viikolla 2.<\/strong><br data-start=\"561\" data-end=\"564\">Ensi kertaa mukaan tulevat voivat kokeilla lajia <strong>maksutta<\/strong> kahden ensimm\u00e4isen harjoituskerran ajan.<\/p>\t\t\t\t\t\t\t\t<\/div>\n\t\t\t\t<\/div>\n\t\t\t\t<\/div>\n\t\t\t\t<\/div>\n\t\t\t\t<\/div>\n\t\t\t\t\t<\/div>\n\t\t\t\t<\/div>\n\t\t\t\t<\/div>\n\t\t","protected":false},"excerpt":{"rendered":"<p>Valmentajat ja ohjaajat Jussi Saarikoski (Puheenjohtaja) Hanne Saarikoski Petri Nisula Jussi-Pekka Luoma Tuomo Autio Tenyo Tenev Yhteystiedot Osoite: Vanha keskustan koulu Lentokent\u00e4ntie 19 62200 Kauhava S\u00e4hk\u00f6posti:info@kauhavanpainimiehet.fi Kausimaksut Kauhavan Painimiesten kausimaksu kattaa harjoitukset joko kev\u00e4t- tai syyskaudella. Maksu suoritetaan kerran kaudessa. Nallepaini, nassikkapaini, painikoulu, v\u00e4liryhm\u00e4 ja kuntopaini 80 \u20ac \/ kausi Kilparyhm\u00e4 95 \u20ac \/ kausi [&hellip;]<\/p>\n","protected":false},"author":1,"featured_media":0,"parent":0,"menu_order":0,"comment_status":"closed","ping_status":"closed","template":"","meta":{"footnotes":""},"class_list":["post-459","page","type-page","status-publish","hentry"],"blocksy_meta":[],"_links":{"self":[{"href":"https:\/\/www.kauhavanpainimiehet.fi\/index.php?rest_route=\/wp\/v2\/pages\/459","targetHints":{"allow":["GET"]}}],"collection":[{"href":"https:\/\/www.kauhavanpainimiehet.fi\/index.php?rest_route=\/wp\/v2\/pages"}],"about":[{"href":"https:\/\/www.kauhavanpainimiehet.fi\/index.php?rest_route=\/wp\/v2\/types\/page"}],"author":[{"embeddable":true,"href":"https:\/\/www.kauhavanpainimiehet.fi\/index.php?rest_route=\/wp\/v2\/users\/1"}],"replies":[{"embeddable":true,"href":"https:\/\/www.kauhavanpainimiehet.fi\/index.php?rest_route=%2Fwp%2Fv2%2Fcomments&post=459"}],"version-history":[{"count":109,"href":"https:\/\/www.kauhavanpainimiehet.fi\/index.php?rest_route=\/wp\/v2\/pages\/459\/revisions"}],"predecessor-version":[{"id":1339,"href":"https:\/\/www.kauhavanpainimiehet.fi\/index.php?rest_route=\/wp\/v2\/pages\/459\/revisions\/1339"}],"wp:attachment":[{"href":"https:\/\/www.kauhavanpainimiehet.fi\/index.php?rest_route=%2Fwp%2Fv2%2Fmedia&parent=459"}],"curies":[{"name":"wp","href":"https:\/\/api.w.org\/{rel}","templated":true}]}}